{"id":5674975,"date":"2024-08-20T12:18:10","date_gmt":"2024-08-20T12:18:10","guid":{"rendered":"https:\/\/www.fimea.fr\/download-the-fimea-indoor-air-purifier-barometer-2024"},"modified":"2026-03-12T07:29:42","modified_gmt":"2026-03-12T07:29:42","slug":"download-the-fimea-indoor-air-purifier-barometer-2024","status":"publish","type":"page","link":"https:\/\/www.fimea.fr\/en\/download-the-fimea-indoor-air-purifier-barometer-2024","title":{"rendered":"Download the QAST Indoor Air Purifier Barometer (2024)"},"content":{"rendered":"<p>[et_pb_section fb_built=&#8221;1&#8243; _builder_version=&#8221;4.16&#8243; _module_preset=&#8221;default&#8221; global_colors_info=&#8221;{}&#8221;][et_pb_row column_structure=&#8221;3_5,2_5&#8243; _builder_version=&#8221;4.16&#8243; _module_preset=&#8221;default&#8221; global_colors_info=&#8221;{}&#8221;][et_pb_column type=&#8221;3_5&#8243; _builder_version=&#8221;4.16&#8243; _module_preset=&#8221;default&#8221; global_colors_info=&#8221;{}&#8221;][et_pb_text _builder_version=&#8221;4.16&#8243; _module_preset=&#8221;default&#8221; text_font_size=&#8221;66px&#8221; custom_margin=&#8221;||||false|false&#8221; global_colors_info=&#8221;{}&#8221;]<\/p>\n<h1>Download the<\/h1>\n<h1><b>QAST barometer<\/b><\/h1>\n<h1><b>Indoor air purifiers (2024)<\/b><\/h1>\n<p>[\/et_pb_text][et_pb_text _builder_version=&#8221;4.27.0&#8243; _module_preset=&#8221;default&#8221; text_font_size=&#8221;20px&#8221; custom_margin=&#8221;|30px|50px|0px|false|false&#8221; global_colors_info=&#8221;{}&#8221;]<\/p>\n<p><b><\/b><\/p>\n<p><b>Market trends for <\/b><b>air purifiers in France<\/b><\/p>\n<p>[\/et_pb_text][et_pb_button button_url=&#8221;#formulaire&#8221; button_text=&#8221;Download&#8221; _builder_version=&#8221;4.16&#8243; _module_preset=&#8221;default&#8221; custom_button=&#8221;on&#8221; button_text_size=&#8221;18px&#8221; button_text_color=&#8221;#ffffff&#8221; button_bg_color=&#8221;#f15a25&#8243; button_border_width=&#8221;0px&#8221; button_border_radius=&#8221;8px&#8221; button_use_icon=&#8221;off&#8221; global_colors_info=&#8221;{}&#8221; button_icon_color__hover_enabled=&#8221;on|desktop&#8221;][\/et_pb_button][\/et_pb_column][et_pb_column type=&#8221;2_5&#8243; _builder_version=&#8221;4.16&#8243; _module_preset=&#8221;default&#8221; global_colors_info=&#8221;{}&#8221;][et_pb_image src=&#8221;https:\/\/www.fimea.fr\/wp-content\/uploads\/2024\/08\/Barometre-epurateurs-dair-interieur-2024-2.webp&#8221; title_text=&#8221;Indoor air purifiers barometer 2024 &#8211; 2&#8243; align=&#8221;right&#8221; _builder_version=&#8221;4.27.0&#8243; _module_preset=&#8221;default&#8221; custom_margin=&#8221;|||-48px||&#8221; global_colors_info=&#8221;{}&#8221;][\/et_pb_image][\/et_pb_column][\/et_pb_row][\/et_pb_section][et_pb_section fb_built=&#8221;1&#8243; _builder_version=&#8221;4.27.0&#8243; _module_preset=&#8221;default&#8221; background_color=&#8221;#1a9ee0&#8243; global_colors_info=&#8221;{}&#8221;][et_pb_row column_structure=&#8221;1_2,1_2&#8243; _builder_version=&#8221;4.16&#8243; _module_preset=&#8221;default&#8221; custom_padding=&#8221;||6px|||&#8221; global_colors_info=&#8221;{}&#8221;][et_pb_column type=&#8221;1_2&#8243; _builder_version=&#8221;4.16&#8243; _module_preset=&#8221;default&#8221; custom_padding=&#8221;||||false|false&#8221; global_colors_info=&#8221;{}&#8221;][et_pb_text _builder_version=&#8221;4.16&#8243; _module_preset=&#8221;default&#8221; text_text_color=&#8221;#FFFFFF&#8221; global_colors_info=&#8221;{}&#8221;]<\/p>\n<h2><span style=\"color: #ffffff;\"><b>Indoor air purification systems represent a market<\/b> <b>an emerging market in France<\/b><\/span><\/h2>\n<p>[\/et_pb_text][\/et_pb_column][et_pb_column type=&#8221;1_2&#8243; _builder_version=&#8221;4.16&#8243; _module_preset=&#8221;default&#8221; global_colors_info=&#8221;{}&#8221;][et_pb_text _builder_version=&#8221;4.16&#8243; _module_preset=&#8221;default&#8221; text_text_color=&#8221;#FFFFFF&#8221; global_colors_info=&#8221;{}&#8221;]<\/p>\n<p><span style=\"text-decoration: underline;\"><\/span><\/p>\n<p><span style=\"font-size: large;\"><strong><span style=\"font-family: inherit;\">What you&#8217;ll find in the barometer :<\/span><\/strong><\/span><\/p>\n<p><span style=\"font-size: large;\"> <\/span><\/p>\n<p><span style=\"font-size: large;\"> <\/span><\/p>\n<ul>\n<li><span style=\"font-family: inherit; font-weight: normal; font-size: large;\"><strong>An overview of<\/strong> the main technologies and uses, as well as the bottlenecks and opportunities that characterize the current landscape of indoor air purifiers for public buildings (Etablissements Recevant du Public &#8211; ERP), offices (Tertiary) and homes (Particuliers).<\/span><\/li>\n<\/ul>\n<p><span style=\"font-size: large;\"> <\/span><\/p>\n<ul>\n<li><span style=\"font-family: inherit; font-weight: normal; font-size: large;\"><strong>A study of the <\/strong>socio-economic <strong>context <\/strong>, focusing on <strong>comparing the perceptions of<\/strong> supply-side players (equipment manufacturers, manufacturers, distributors) and demand-side players (decision-makers, buyers, users).<\/span><\/li>\n<\/ul>\n<p>[\/et_pb_text][\/et_pb_column][\/et_pb_row][\/et_pb_section][et_pb_section fb_built=&#8221;1&#8243; _builder_version=&#8221;4.16&#8243; _module_preset=&#8221;default&#8221; global_colors_info=&#8221;{}&#8221;][et_pb_row column_structure=&#8221;1_2,1_2&#8243; module_id=&#8221;formulaire&#8221; _builder_version=&#8221;4.16&#8243; _module_preset=&#8221;default&#8221; global_colors_info=&#8221;{}&#8221;][et_pb_column type=&#8221;1_2&#8243; _builder_version=&#8221;4.16&#8243; _module_preset=&#8221;default&#8221; background_color=&#8221;#f8f8f8&#8243; custom_padding=&#8221;50px|50px|50px|50px|false|false&#8221; border_radii=&#8221;on|8px|8px|8px|8px&#8221; global_colors_info=&#8221;{}&#8221;][et_pb_text _builder_version=&#8221;4.16&#8243; _module_preset=&#8221;default&#8221; global_colors_info=&#8221;{}&#8221;]<\/p>\n<h2>Download the <b>FIMEA <\/b><b>Air Pollution Control<\/b> <b>Barometer <\/b><b>2024<\/b><\/h2>\n<p>[\/et_pb_text][et_pb_text _builder_version=&#8221;4.27.4&#8243; _module_preset=&#8221;default&#8221; global_colors_info=&#8221;{}&#8221;]<\/p>\n<div class=\"forminator-ui forminator-custom-form forminator-custom-form-5674965 forminator-design--default  forminator_ajax\" data-forminator-render=\"0\" data-form=\"forminator-module-5674965\" data-uid=\"69e19995cd5e8\"><br\/><\/div><form\n\t\t\t\tid=\"forminator-module-5674965\"\n\t\t\t\tclass=\"forminator-ui forminator-custom-form forminator-custom-form-5674965 forminator-design--default  forminator_ajax\"\n\t\t\t\tmethod=\"post\"\n\t\t\t\tdata-forminator-render=\"0\"\n\t\t\t\tdata-form-id=\"5674965\"\n\t\t\t\t data-color-option=\"theme\" data-design=\"default\" data-grid=\"open\" style=\"display: none;\"\n\t\t\t\tdata-uid=\"69e19995cd5e8\"\n\t\t\t><div role=\"alert\" aria-live=\"polite\" class=\"forminator-response-message forminator-error\" aria-hidden=\"true\"><\/div><div class=\"forminator-row\"><div id=\"name-2\" class=\"forminator-field-name forminator-col forminator-col-12 \"><div class=\"forminator-field\"><label for=\"forminator-field-name-2_69e19995cd5e8\" id=\"forminator-field-name-2_69e19995cd5e8-label\" class=\"forminator-label\">Nom <span class=\"forminator-required\">*<\/span><\/label><input type=\"text\" name=\"name-2\" value=\"\" placeholder=\"\" id=\"forminator-field-name-2_69e19995cd5e8\" class=\"forminator-input forminator-name--field\" aria-required=\"true\" autocomplete=\"name\" \/><\/div><\/div><\/div><div class=\"forminator-row\"><div id=\"name-1\" class=\"forminator-field-name forminator-col forminator-col-12 \"><div class=\"forminator-field\"><label for=\"forminator-field-name-1_69e19995cd5e8\" id=\"forminator-field-name-1_69e19995cd5e8-label\" class=\"forminator-label\">Pr\u00e9nom <span class=\"forminator-required\">*<\/span><\/label><input type=\"text\" name=\"name-1\" value=\"\" placeholder=\"\" id=\"forminator-field-name-1_69e19995cd5e8\" class=\"forminator-input forminator-name--field\" aria-required=\"true\" autocomplete=\"name\" \/><\/div><\/div><\/div><div class=\"forminator-row\"><div id=\"name-3\" class=\"forminator-field-name forminator-col forminator-col-12 \"><div class=\"forminator-field\"><label for=\"forminator-field-name-3_69e19995cd5e8\" id=\"forminator-field-name-3_69e19995cd5e8-label\" class=\"forminator-label\">Organisation <span class=\"forminator-required\">*<\/span><\/label><input type=\"text\" name=\"name-3\" value=\"\" placeholder=\"\" id=\"forminator-field-name-3_69e19995cd5e8\" class=\"forminator-input forminator-name--field\" aria-required=\"true\" autocomplete=\"name\" \/><\/div><\/div><\/div><div class=\"forminator-row\"><div id=\"email-1\" class=\"forminator-field-email forminator-col forminator-col-12 \"><div class=\"forminator-field\"><label for=\"forminator-field-email-1_69e19995cd5e8\" id=\"forminator-field-email-1_69e19995cd5e8-label\" class=\"forminator-label\">E-mail <span class=\"forminator-required\">*<\/span><\/label><input type=\"email\" name=\"email-1\" value=\"\" placeholder=\"\" id=\"forminator-field-email-1_69e19995cd5e8\" class=\"forminator-input forminator-email--field\" data-required=\"true\" aria-required=\"true\" autocomplete=\"email\" \/><\/div><\/div><\/div><div class=\"forminator-row\"><div id=\"consent-1\" class=\"forminator-field-consent forminator-col forminator-col-12 \"><div class=\"forminator-field\"><label for=\"forminator-field-consent-1_69e19995cd5e8\" id=\"forminator-field-consent-1_69e19995cd5e8-label\" class=\"forminator-label\">Consentement <span class=\"forminator-required\">*<\/span><\/label><div class=\"forminator-checkbox__wrapper\"><label id=\"forminator-field-consent-1_69e19995cd5e8__label\" class=\"forminator-checkbox forminator-consent\"><input type=\"checkbox\" name=\"consent-1\" id=\"forminator-field-consent-1_69e19995cd5e8\" value=\"checked\" aria-labelledby=\"forminator-field-consent-1_69e19995cd5e8-label\" aria-describedby=\"forminator-field-consent-1_69e19995cd5e8__description\" data-required=\"true\" aria-required=\"true\" \/><span class=\"forminator-checkbox-box\" aria-hidden=\"true\"><\/span><\/label><div id=\"forminator-field-consent-1_69e19995cd5e8__description\" class=\"forminator-checkbox__label forminator-consent__label\"><p>Je reconnais avoir pris connaissance de la&nbsp;<a rel=\"noopener\" target=\"_blank\" href=\"https:\/\/www.fimea.fr\/mentions-legales\">politique de confidentialit\u00e9<\/a>&nbsp;du site et autorise le stockage et l'utilisation des donn\u00e9es renseign\u00e9es.<\/p><\/div><\/div><\/div><\/div><\/div><input type=\"hidden\" name=\"referer_url\" value=\"\" \/><div class=\"forminator-row forminator-row-last\"><div class=\"forminator-col\"><div class=\"forminator-field\"><button class=\"forminator-button forminator-button-submit\">Envoyer<\/button><\/div><\/div><\/div><input type=\"hidden\" id=\"forminator_nonce\" name=\"forminator_nonce\" value=\"5e63ebb95b\" \/><input type=\"hidden\" name=\"_wp_http_referer\" value=\"\/en\/wp-json\/wp\/v2\/pages\/5674975\" \/><input type=\"hidden\" name=\"form_id\" value=\"5674965\"><input type=\"hidden\" name=\"page_id\" value=\"5674975\"><input type=\"hidden\" name=\"form_type\" value=\"default\"><input type=\"hidden\" name=\"current_url\" value=\"https:\/\/www.fimea.fr\/en\/download-the-fimea-indoor-air-purifier-barometer-2024\"><input type=\"hidden\" name=\"render_id\" value=\"0\"><input type=\"hidden\" name=\"action\" value=\"forminator_submit_form_custom-forms\"><\/form>\n<p>[\/et_pb_text][\/et_pb_column][et_pb_column type=&#8221;1_2&#8243; _builder_version=&#8221;4.16&#8243; _module_preset=&#8221;default&#8221; custom_padding=&#8221;50px||||false|false&#8221; global_colors_info=&#8221;{}&#8221;][et_pb_image src=&#8221;https:\/\/www.fimea.fr\/wp-content\/uploads\/2024\/08\/Barometre-epurateurs-dair-interieur-2024-1.webp&#8221; title_text=&#8221;Indoor air purifiers barometer 2024 &#8211; 1&#8243; _builder_version=&#8221;4.27.0&#8243; _module_preset=&#8221;default&#8221; global_colors_info=&#8221;{}&#8221;][\/et_pb_image][\/et_pb_column][\/et_pb_row][et_pb_row column_structure=&#8221;1_2,1_2&#8243; _builder_version=&#8221;4.27.2&#8243; _module_preset=&#8221;default&#8221; global_colors_info=&#8221;{}&#8221;][et_pb_column type=&#8221;1_2&#8243; _builder_version=&#8221;4.27.2&#8243; _module_preset=&#8221;default&#8221; global_colors_info=&#8221;{}&#8221;][et_pb_image src=&#8221;https:\/\/www.fimea.fr\/wp-content\/uploads\/2024\/11\/FIMEA_JNQA_Webinaire-Barometre-epurateurs-dair_14-octobre-2024.jpg&#8221; title_text=&#8221;FIMEA_JNQA_Webinar Air Purifier Barometer_October 14, 2024&#8243; _builder_version=&#8221;4.27.2&#8243; _module_preset=&#8221;default&#8221; global_colors_info=&#8221;{}&#8221;][\/et_pb_image][\/et_pb_column][et_pb_column type=&#8221;1_2&#8243; _builder_version=&#8221;4.27.2&#8243; _module_preset=&#8221;default&#8221; global_colors_info=&#8221;{}&#8221;][et_pb_text _builder_version=&#8221;4.16&#8243; _module_preset=&#8221;default&#8221; global_colors_info=&#8221;{}&#8221;]<\/p>\n<h2>Watch the replay of the Webinar presenting the results of the <span style=\"color: #f4823f;\">&#8220;<em>Barom\u00e8tre 2024 sur les \u00e9purateurs d&#8217;air int\u00e9rieur en France<\/em>&#8220;.<\/span><\/h2>\n<p>[\/et_pb_text][et_pb_button button_url=&#8221;https:\/\/drive.google.com\/file\/d\/1RMJFsCa-VoMRgBImfMaDJpIVy1xQNYse\/view?usp=drive_link&#8221; button_text=&#8221;Webinar replay &gt;&#8221; _builder_version=&#8221;4.27.2&#8243; _module_preset=&#8221;default&#8221; global_colors_info=&#8221;{}&#8221;][\/et_pb_button][\/et_pb_column][\/et_pb_row][\/et_pb_section][et_pb_section fb_built=&#8221;1&#8243; _builder_version=&#8221;4.16&#8243; _module_preset=&#8221;default&#8221; background_color=&#8221;#221f76&#8243; global_colors_info=&#8221;{}&#8221;][et_pb_row _builder_version=&#8221;4.16&#8243; _module_preset=&#8221;default&#8221; global_colors_info=&#8221;{}&#8221;][et_pb_column type=&#8221;4_4&#8243; _builder_version=&#8221;4.16&#8243; _module_preset=&#8221;default&#8221; global_colors_info=&#8221;{}&#8221;][et_pb_text _builder_version=&#8221;4.27.0&#8243; _module_preset=&#8221;default&#8221; text_text_color=&#8221;#FFFFFF&#8221; text_orientation=&#8221;center&#8221; global_colors_info=&#8221;{}&#8221;]<\/p>\n<p>FIMEA, 2019-2024 &#8211; All rights reserved<\/p>\n<p>[\/et_pb_text][\/et_pb_column][\/et_pb_row][\/et_pb_section]<\/p>\n<span class=\"et_bloom_bottom_trigger\"><\/span>","protected":false},"excerpt":{"rendered":"<p>Find out about the current situation and major trends, as well as the HR challenges and opportunities for 2022 and beyond.<\/p>\n","protected":false},"author":2,"featured_media":0,"parent":0,"menu_order":0,"comment_status":"closed","ping_status":"closed","template":"page-template-blank.php","meta":{"_et_pb_use_builder":"on","_et_pb_old_content":"","_et_gb_content_width":"","footnotes":""},"class_list":["post-5674975","page","type-page","status-publish","hentry"],"yoast_head":"<!-- This site is optimized with the Yoast SEO plugin v27.3 - https:\/\/yoast.com\/product\/yoast-seo-wordpress\/ -->\n<title>Download the QAST Indoor Air Purifier Barometer (2024) - FIMEA<\/title>\n<meta name=\"description\" content=\"Find out about the current situation and major trends, as well as the HR challenges and opportunities for 2022 and beyond.\" \/>\n<meta name=\"robots\" content=\"index, follow, max-snippet:-1, max-image-preview:large, max-video-preview:-1\" \/>\n<link rel=\"canonical\" href=\"https:\/\/www.fimea.fr\/en\/download-the-fimea-indoor-air-purifier-barometer-2024\" \/>\n<meta property=\"og:locale\" content=\"en_US\" \/>\n<meta property=\"og:type\" content=\"article\" \/>\n<meta property=\"og:title\" content=\"Download the QAST Indoor Air Purifier Barometer (2024) - FIMEA\" \/>\n<meta property=\"og:description\" content=\"Find out about the current situation and major trends, as well as the HR challenges and opportunities for 2022 and beyond.\" \/>\n<meta property=\"og:url\" content=\"https:\/\/www.fimea.fr\/en\/download-the-fimea-indoor-air-purifier-barometer-2024\" \/>\n<meta property=\"og:site_name\" content=\"FIMEA\" \/>\n<meta property=\"article:modified_time\" content=\"2026-03-12T07:29:42+00:00\" \/>\n<meta property=\"og:image\" content=\"https:\/\/www.fimea.fr\/wp-content\/uploads\/2019\/05\/windrader-1048981.jpg\" \/>\n\t<meta property=\"og:image:width\" content=\"3000\" \/>\n\t<meta property=\"og:image:height\" content=\"1897\" \/>\n\t<meta property=\"og:image:type\" content=\"image\/jpeg\" \/>\n<meta name=\"twitter:card\" content=\"summary_large_image\" \/>\n<meta name=\"twitter:site\" content=\"@Fimea_fr\" \/>\n<meta name=\"twitter:label1\" content=\"Est. reading time\" \/>\n\t<meta name=\"twitter:data1\" content=\"4 minutes\" \/>\n<script type=\"application\/ld+json\" class=\"yoast-schema-graph\">{\"@context\":\"https:\\\/\\\/schema.org\",\"@graph\":[{\"@type\":\"WebPage\",\"@id\":\"https:\\\/\\\/www.fimea.fr\\\/en\\\/download-the-fimea-indoor-air-purifier-barometer-2024\",\"url\":\"https:\\\/\\\/www.fimea.fr\\\/en\\\/download-the-fimea-indoor-air-purifier-barometer-2024\",\"name\":\"Download the QAST Indoor Air Purifier Barometer (2024) - FIMEA\",\"isPartOf\":{\"@id\":\"https:\\\/\\\/www.fimea.fr\\\/#website\"},\"datePublished\":\"2024-08-20T12:18:10+00:00\",\"dateModified\":\"2026-03-12T07:29:42+00:00\",\"description\":\"Find out about the current situation and major trends, as well as the HR challenges and opportunities for 2022 and beyond.\",\"breadcrumb\":{\"@id\":\"https:\\\/\\\/www.fimea.fr\\\/en\\\/download-the-fimea-indoor-air-purifier-barometer-2024#breadcrumb\"},\"inLanguage\":\"en-US\",\"potentialAction\":[{\"@type\":\"ReadAction\",\"target\":[\"https:\\\/\\\/www.fimea.fr\\\/en\\\/download-the-fimea-indoor-air-purifier-barometer-2024\"]}]},{\"@type\":\"BreadcrumbList\",\"@id\":\"https:\\\/\\\/www.fimea.fr\\\/en\\\/download-the-fimea-indoor-air-purifier-barometer-2024#breadcrumb\",\"itemListElement\":[{\"@type\":\"ListItem\",\"position\":1,\"name\":\"Accueil\",\"item\":\"https:\\\/\\\/www.fimea.fr\\\/en\"},{\"@type\":\"ListItem\",\"position\":2,\"name\":\"Download the QAST Indoor Air Purifier Barometer (2024)\"}]},{\"@type\":\"WebSite\",\"@id\":\"https:\\\/\\\/www.fimea.fr\\\/#website\",\"url\":\"https:\\\/\\\/www.fimea.fr\\\/\",\"name\":\"FIMEA\",\"description\":\"Serving the air-quality sector.\",\"publisher\":{\"@id\":\"https:\\\/\\\/www.fimea.fr\\\/#organization\"},\"potentialAction\":[{\"@type\":\"SearchAction\",\"target\":{\"@type\":\"EntryPoint\",\"urlTemplate\":\"https:\\\/\\\/www.fimea.fr\\\/?s={search_term_string}\"},\"query-input\":{\"@type\":\"PropertyValueSpecification\",\"valueRequired\":true,\"valueName\":\"search_term_string\"}}],\"inLanguage\":\"en-US\"},{\"@type\":\"Organization\",\"@id\":\"https:\\\/\\\/www.fimea.fr\\\/#organization\",\"name\":\"FIMEA\",\"url\":\"https:\\\/\\\/www.fimea.fr\\\/\",\"logo\":{\"@type\":\"ImageObject\",\"inLanguage\":\"en-US\",\"@id\":\"https:\\\/\\\/www.fimea.fr\\\/#\\\/schema\\\/logo\\\/image\\\/\",\"url\":\"https:\\\/\\\/www.fimea.fr\\\/wp-content\\\/uploads\\\/2022\\\/06\\\/logo-fimea.jpg\",\"contentUrl\":\"https:\\\/\\\/www.fimea.fr\\\/wp-content\\\/uploads\\\/2022\\\/06\\\/logo-fimea.jpg\",\"width\":857,\"height\":702,\"caption\":\"FIMEA\"},\"image\":{\"@id\":\"https:\\\/\\\/www.fimea.fr\\\/#\\\/schema\\\/logo\\\/image\\\/\"},\"sameAs\":[\"https:\\\/\\\/x.com\\\/Fimea_fr\",\"https:\\\/\\\/www.linkedin.com\\\/company\\\/fimea-air\\\/\"]}]}<\/script>\n<!-- \/ Yoast SEO plugin. -->","yoast_head_json":{"title":"Download the QAST Indoor Air Purifier Barometer (2024) - FIMEA","description":"Find out about the current situation and major trends, as well as the HR challenges and opportunities for 2022 and beyond.","robots":{"index":"index","follow":"follow","max-snippet":"max-snippet:-1","max-image-preview":"max-image-preview:large","max-video-preview":"max-video-preview:-1"},"canonical":"https:\/\/www.fimea.fr\/en\/download-the-fimea-indoor-air-purifier-barometer-2024","og_locale":"en_US","og_type":"article","og_title":"Download the QAST Indoor Air Purifier Barometer (2024) - FIMEA","og_description":"Find out about the current situation and major trends, as well as the HR challenges and opportunities for 2022 and beyond.","og_url":"https:\/\/www.fimea.fr\/en\/download-the-fimea-indoor-air-purifier-barometer-2024","og_site_name":"FIMEA","article_modified_time":"2026-03-12T07:29:42+00:00","og_image":[{"width":3000,"height":1897,"url":"https:\/\/www.fimea.fr\/wp-content\/uploads\/2019\/05\/windrader-1048981.jpg","type":"image\/jpeg"}],"twitter_card":"summary_large_image","twitter_site":"@Fimea_fr","twitter_misc":{"Est. reading time":"4 minutes"},"schema":{"@context":"https:\/\/schema.org","@graph":[{"@type":"WebPage","@id":"https:\/\/www.fimea.fr\/en\/download-the-fimea-indoor-air-purifier-barometer-2024","url":"https:\/\/www.fimea.fr\/en\/download-the-fimea-indoor-air-purifier-barometer-2024","name":"Download the QAST Indoor Air Purifier Barometer (2024) - FIMEA","isPartOf":{"@id":"https:\/\/www.fimea.fr\/#website"},"datePublished":"2024-08-20T12:18:10+00:00","dateModified":"2026-03-12T07:29:42+00:00","description":"Find out about the current situation and major trends, as well as the HR challenges and opportunities for 2022 and beyond.","breadcrumb":{"@id":"https:\/\/www.fimea.fr\/en\/download-the-fimea-indoor-air-purifier-barometer-2024#breadcrumb"},"inLanguage":"en-US","potentialAction":[{"@type":"ReadAction","target":["https:\/\/www.fimea.fr\/en\/download-the-fimea-indoor-air-purifier-barometer-2024"]}]},{"@type":"BreadcrumbList","@id":"https:\/\/www.fimea.fr\/en\/download-the-fimea-indoor-air-purifier-barometer-2024#breadcrumb","itemListElement":[{"@type":"ListItem","position":1,"name":"Accueil","item":"https:\/\/www.fimea.fr\/en"},{"@type":"ListItem","position":2,"name":"Download the QAST Indoor Air Purifier Barometer (2024)"}]},{"@type":"WebSite","@id":"https:\/\/www.fimea.fr\/#website","url":"https:\/\/www.fimea.fr\/","name":"FIMEA","description":"Serving the air-quality sector.","publisher":{"@id":"https:\/\/www.fimea.fr\/#organization"},"potentialAction":[{"@type":"SearchAction","target":{"@type":"EntryPoint","urlTemplate":"https:\/\/www.fimea.fr\/?s={search_term_string}"},"query-input":{"@type":"PropertyValueSpecification","valueRequired":true,"valueName":"search_term_string"}}],"inLanguage":"en-US"},{"@type":"Organization","@id":"https:\/\/www.fimea.fr\/#organization","name":"FIMEA","url":"https:\/\/www.fimea.fr\/","logo":{"@type":"ImageObject","inLanguage":"en-US","@id":"https:\/\/www.fimea.fr\/#\/schema\/logo\/image\/","url":"https:\/\/www.fimea.fr\/wp-content\/uploads\/2022\/06\/logo-fimea.jpg","contentUrl":"https:\/\/www.fimea.fr\/wp-content\/uploads\/2022\/06\/logo-fimea.jpg","width":857,"height":702,"caption":"FIMEA"},"image":{"@id":"https:\/\/www.fimea.fr\/#\/schema\/logo\/image\/"},"sameAs":["https:\/\/x.com\/Fimea_fr","https:\/\/www.linkedin.com\/company\/fimea-air\/"]}]}},"_links":{"self":[{"href":"https:\/\/www.fimea.fr\/en\/wp-json\/wp\/v2\/pages\/5674975","targetHints":{"allow":["GET"]}}],"collection":[{"href":"https:\/\/www.fimea.fr\/en\/wp-json\/wp\/v2\/pages"}],"about":[{"href":"https:\/\/www.fimea.fr\/en\/wp-json\/wp\/v2\/types\/page"}],"author":[{"embeddable":true,"href":"https:\/\/www.fimea.fr\/en\/wp-json\/wp\/v2\/users\/2"}],"replies":[{"embeddable":true,"href":"https:\/\/www.fimea.fr\/en\/wp-json\/wp\/v2\/comments?post=5674975"}],"version-history":[{"count":6,"href":"https:\/\/www.fimea.fr\/en\/wp-json\/wp\/v2\/pages\/5674975\/revisions"}],"predecessor-version":[{"id":5675480,"href":"https:\/\/www.fimea.fr\/en\/wp-json\/wp\/v2\/pages\/5674975\/revisions\/5675480"}],"wp:attachment":[{"href":"https:\/\/www.fimea.fr\/en\/wp-json\/wp\/v2\/media?parent=5674975"}],"curies":[{"name":"wp","href":"https:\/\/api.w.org\/{rel}","templated":true}]}}