{"id":5675308,"date":"2026-02-27T10:17:36","date_gmt":"2026-02-27T10:17:36","guid":{"rendered":"https:\/\/www.fimea.fr\/?page_id=5675308"},"modified":"2026-02-27T10:17:36","modified_gmt":"2026-02-27T10:17:36","slug":"download-the-fimea-indoor-air-purifier-barometer-2024-3","status":"publish","type":"page","link":"https:\/\/www.fimea.fr\/en\/download-the-fimea-indoor-air-purifier-barometer-2024-3","title":{"rendered":"Download the FIMEA Indoor Air Purifier Barometer 2024"},"content":{"rendered":"<p>[et_pb_section fb_built=&#8221;1&#8243; _builder_version=&#8221;4.27.4&#8243; _module_preset=&#8221;default&#8221; global_colors_info=&#8221;{}&#8221;][et_pb_row _builder_version=&#8221;4.27.4&#8243; _module_preset=&#8221;default&#8221; global_colors_info=&#8221;{}&#8221;][et_pb_column type=&#8221;4_4&#8243; _builder_version=&#8221;4.16&#8243; _module_preset=&#8221;default&#8221; global_colors_info=&#8221;{}&#8221;][et_pb_image src=&#8221;https:\/\/www.fimea.fr\/wp-content\/uploads\/2026\/01\/visuel.png&#8221; title_text=&#8221;visuel&#8221; align=&#8221;right&#8221; _builder_version=&#8221;4.27.4&#8243; _module_preset=&#8221;default&#8221; custom_margin=&#8221;|||-48px||&#8221; global_colors_info=&#8221;{}&#8221;][\/et_pb_image][et_pb_text _builder_version=&#8221;4.27.4&#8243; _module_preset=&#8221;default&#8221; text_font_size=&#8221;66px&#8221; custom_margin=&#8221;||||false|false&#8221; border_color_all=&#8221;#474747&#8243; global_colors_info=&#8221;{}&#8221;]<\/p>\n<h1 style=\"text-align: center;\"><span style=\"color: #0b97dd;\">T\u00e9l\u00e9chargez le <b>Barom\u00e8tre FIMEA 2025 &#8211; Usage des microcapteurs en milieu scolaire<\/b><\/span><\/h1>\n<p>[\/et_pb_text][et_pb_button button_url=&#8221;#formulaire&#8221; button_text=&#8221;Download&#8221; button_alignment=&#8221;center&#8221; _builder_version=&#8221;4.27.4&#8243; _module_preset=&#8221;default&#8221; custom_button=&#8221;on&#8221; button_text_size=&#8221;27px&#8221; button_text_color=&#8221;#ffffff&#8221; button_bg_color=&#8221;#ff9730&#8243; button_border_width=&#8221;0px&#8221; button_border_radius=&#8221;8px&#8221; button_use_icon=&#8221;off&#8221; global_colors_info=&#8221;{}&#8221; button_icon_color__hover_enabled=&#8221;on|desktop&#8221;][\/et_pb_button][\/et_pb_column][\/et_pb_row][\/et_pb_section][et_pb_section fb_built=&#8221;1&#8243; _builder_version=&#8221;4.27.4&#8243; _module_preset=&#8221;default&#8221; background_color=&#8221;#6B6B6B&#8221; global_colors_info=&#8221;{}&#8221;][et_pb_row column_structure=&#8221;1_2,1_2&#8243; _builder_version=&#8221;4.27.4&#8243; _module_preset=&#8221;default&#8221; custom_padding=&#8221;||6px|||&#8221; global_colors_info=&#8221;{}&#8221;][et_pb_column type=&#8221;1_2&#8243; _builder_version=&#8221;4.16&#8243; _module_preset=&#8221;default&#8221; custom_padding=&#8221;||||false|false&#8221; global_colors_info=&#8221;{}&#8221;][et_pb_text _builder_version=&#8221;4.16&#8243; _module_preset=&#8221;default&#8221; text_text_color=&#8221;#FFFFFF&#8221; global_colors_info=&#8221;{}&#8221;]<\/p>\n<h2><span style=\"color: #ffffff;\">Les microcapteurs ont \u00e9t\u00e9 un outil d\u2019urgence, mais non int\u00e9gr\u00e9s dans une strat\u00e9gie durable.<\/span><\/h2>\n<h2><span style=\"color: #ffffff;\">Le succ\u00e8s d\u00e9pend surtout\u2026 <b>de l\u2019humain, de la formation, de la maintenance et du pilotage.<\/b><\/span><\/h2>\n<p>[\/et_pb_text][\/et_pb_column][et_pb_column type=&#8221;1_2&#8243; _builder_version=&#8221;4.16&#8243; _module_preset=&#8221;default&#8221; global_colors_info=&#8221;{}&#8221;][et_pb_text _builder_version=&#8221;4.27.4&#8243; _module_preset=&#8221;default&#8221; text_text_color=&#8221;#FFFFFF&#8221; global_colors_info=&#8221;{}&#8221;]<\/p>\n<h4><span style=\"color: #ffffff;\"><\/span><\/h4>\n<h4><span style=\"color: #ffffff;\">Ce barom\u00e8tre dresse un \u00e9tat des lieux in\u00e9dit de la mani\u00e8re dont les \u00e9tablissements scolaires fran\u00e7ais se sont saisis de la question de la qualit\u00e9 de l\u2019air int\u00e9rieur (QAI), \u00e0 la faveur de la crise sanitaire de 2020-2021 puis, sous l\u2019impulsion de la r\u00e9glementation ERP.<\/span><\/h4>\n<h4 style=\"text-align: left;\"><span style=\"color: #ffffff;\">Bas\u00e9 sur les retours de 100 r\u00e9pondants\u2013 agents et cadres techniques, chefs d\u2019\u00e9tablissement\u2013 il met en lumi\u00e8re \u00e0 la fois l\u2019int\u00e9r\u00eat croissant port\u00e9 \u00e0 cet enjeu de sant\u00e9 publique et certaines limites susceptibles de freiner la mise en place d\u2019une approche durable.<\/span><\/h4>\n<p>[\/et_pb_text][\/et_pb_column][\/et_pb_row][\/et_pb_section][et_pb_section fb_built=&#8221;1&#8243; _builder_version=&#8221;4.16&#8243; _module_preset=&#8221;default&#8221; global_colors_info=&#8221;{}&#8221;][et_pb_row column_structure=&#8221;1_2,1_2&#8243; module_id=&#8221;formulaire&#8221; _builder_version=&#8221;4.16&#8243; _module_preset=&#8221;default&#8221; global_colors_info=&#8221;{}&#8221;][et_pb_column type=&#8221;1_2&#8243; _builder_version=&#8221;4.16&#8243; _module_preset=&#8221;default&#8221; background_color=&#8221;#f8f8f8&#8243; custom_padding=&#8221;50px|50px|50px|50px|false|false&#8221; border_radii=&#8221;on|8px|8px|8px|8px&#8221; global_colors_info=&#8221;{}&#8221;][et_pb_text _builder_version=&#8221;4.27.4&#8243; _module_preset=&#8221;default&#8221; hover_enabled=&#8221;0&#8243; global_colors_info=&#8221;{}&#8221; sticky_enabled=&#8221;0&#8243;]<\/p>\n<div class=\"forminator-ui forminator-custom-form forminator-custom-form-5675256 forminator-design--default  forminator_ajax\" data-forminator-render=\"0\" data-form=\"forminator-module-5675256\" data-uid=\"69ef77c6add05\"><br\/><\/div><form\n\t\t\t\tid=\"forminator-module-5675256\"\n\t\t\t\tclass=\"forminator-ui forminator-custom-form forminator-custom-form-5675256 forminator-design--default  forminator_ajax\"\n\t\t\t\tmethod=\"post\"\n\t\t\t\tdata-forminator-render=\"0\"\n\t\t\t\tdata-form-id=\"5675256\"\n\t\t\t\t data-color-option=\"theme\" data-design=\"default\" data-grid=\"open\" style=\"display: none;\"\n\t\t\t\tdata-uid=\"69ef77c6add05\"\n\t\t\t><div role=\"alert\" aria-live=\"polite\" class=\"forminator-response-message forminator-error\" aria-hidden=\"true\"><\/div><div class=\"forminator-row\"><div id=\"name-2\" class=\"forminator-field-name forminator-col forminator-col-12 \"><div class=\"forminator-field\"><label for=\"forminator-field-name-2_69ef77c6add05\" id=\"forminator-field-name-2_69ef77c6add05-label\" class=\"forminator-label\">Nom <span class=\"forminator-required\">*<\/span><\/label><input type=\"text\" name=\"name-2\" value=\"\" placeholder=\"\" id=\"forminator-field-name-2_69ef77c6add05\" class=\"forminator-input forminator-name--field\" aria-required=\"true\" autocomplete=\"name\" \/><\/div><\/div><\/div><div class=\"forminator-row\"><div id=\"name-1\" class=\"forminator-field-name forminator-col forminator-col-12 \"><div class=\"forminator-field\"><label for=\"forminator-field-name-1_69ef77c6add05\" id=\"forminator-field-name-1_69ef77c6add05-label\" class=\"forminator-label\">Pr\u00e9nom <span class=\"forminator-required\">*<\/span><\/label><input type=\"text\" name=\"name-1\" value=\"\" placeholder=\"\" id=\"forminator-field-name-1_69ef77c6add05\" class=\"forminator-input forminator-name--field\" aria-required=\"true\" autocomplete=\"name\" \/><\/div><\/div><\/div><div class=\"forminator-row\"><div id=\"name-3\" class=\"forminator-field-name forminator-col forminator-col-12 \"><div class=\"forminator-field\"><label for=\"forminator-field-name-3_69ef77c6add05\" id=\"forminator-field-name-3_69ef77c6add05-label\" class=\"forminator-label\">Organisation <span class=\"forminator-required\">*<\/span><\/label><input type=\"text\" name=\"name-3\" value=\"\" placeholder=\"\" id=\"forminator-field-name-3_69ef77c6add05\" class=\"forminator-input forminator-name--field\" aria-required=\"true\" autocomplete=\"name\" \/><\/div><\/div><\/div><div class=\"forminator-row\"><div id=\"email-1\" class=\"forminator-field-email forminator-col forminator-col-12 \"><div class=\"forminator-field\"><label for=\"forminator-field-email-1_69ef77c6add05\" id=\"forminator-field-email-1_69ef77c6add05-label\" class=\"forminator-label\">E-mail <span class=\"forminator-required\">*<\/span><\/label><input type=\"email\" name=\"email-1\" value=\"\" placeholder=\"\" id=\"forminator-field-email-1_69ef77c6add05\" class=\"forminator-input forminator-email--field\" data-required=\"true\" aria-required=\"true\" autocomplete=\"email\" \/><\/div><\/div><\/div><div class=\"forminator-row\"><div id=\"consent-1\" class=\"forminator-field-consent forminator-col forminator-col-12 \"><div class=\"forminator-field\"><label for=\"forminator-field-consent-1_69ef77c6add05\" id=\"forminator-field-consent-1_69ef77c6add05-label\" class=\"forminator-label\">Consentement <span class=\"forminator-required\">*<\/span><\/label><div class=\"forminator-checkbox__wrapper\"><label id=\"forminator-field-consent-1_69ef77c6add05__label\" class=\"forminator-checkbox forminator-consent\"><input type=\"checkbox\" name=\"consent-1\" id=\"forminator-field-consent-1_69ef77c6add05\" value=\"checked\" aria-labelledby=\"forminator-field-consent-1_69ef77c6add05-label\" aria-describedby=\"forminator-field-consent-1_69ef77c6add05__description\" data-required=\"true\" aria-required=\"true\" \/><span class=\"forminator-checkbox-box\" aria-hidden=\"true\"><\/span><\/label><div id=\"forminator-field-consent-1_69ef77c6add05__description\" class=\"forminator-checkbox__label forminator-consent__label\"><p>Je reconnais avoir pris connaissance de la&nbsp;<a rel=\"noopener\" target=\"_blank\" href=\"https:\/\/www.fimea.fr\/mentions-legales\">politique de confidentialit\u00e9<\/a>&nbsp;du site et autorise le stockage et l'utilisation des donn\u00e9es renseign\u00e9es.<\/p><\/div><\/div><\/div><\/div><\/div><input type=\"hidden\" name=\"referer_url\" value=\"\" \/><div class=\"forminator-row forminator-row-last\"><div class=\"forminator-col\"><div class=\"forminator-field\"><button class=\"forminator-button forminator-button-submit\">Envoyer<\/button><\/div><\/div><\/div><input type=\"hidden\" id=\"forminator_nonce\" name=\"forminator_nonce\" value=\"546c5874b9\" \/><input type=\"hidden\" name=\"_wp_http_referer\" value=\"\/en\/wp-json\/wp\/v2\/pages\/5675308\" \/><input type=\"hidden\" name=\"form_id\" value=\"5675256\"><input type=\"hidden\" name=\"page_id\" value=\"5675308\"><input type=\"hidden\" name=\"form_type\" value=\"default\"><input type=\"hidden\" name=\"current_url\" value=\"https:\/\/www.fimea.fr\/en\/download-the-fimea-indoor-air-purifier-barometer-2024-3\"><input type=\"hidden\" name=\"render_id\" value=\"0\"><input type=\"hidden\" name=\"action\" value=\"forminator_submit_form_custom-forms\"><\/form>\n<p>[\/et_pb_text][et_pb_text _builder_version=&#8221;4.27.4&#8243; _module_preset=&#8221;default&#8221; global_colors_info=&#8221;{}&#8221;]<\/p>\n\n<p>[\/et_pb_text][\/et_pb_column][et_pb_column type=&#8221;1_2&#8243; _builder_version=&#8221;4.16&#8243; _module_preset=&#8221;default&#8221; custom_padding=&#8221;50px||||false|false&#8221; global_colors_info=&#8221;{}&#8221;][et_pb_image src=&#8221;https:\/\/www.fimea.fr\/wp-content\/uploads\/2026\/01\/Barometre-info.png&#8221; title_text=&#8221;Barom\u00e8tre info&#8221; _builder_version=&#8221;4.27.4&#8243; _module_preset=&#8221;default&#8221; global_colors_info=&#8221;{}&#8221;][\/et_pb_image][\/et_pb_column][\/et_pb_row][\/et_pb_section][et_pb_section fb_built=&#8221;1&#8243; _builder_version=&#8221;4.27.4&#8243; _module_preset=&#8221;default&#8221; background_color=&#8221;#0b97dd&#8221; global_colors_info=&#8221;{}&#8221;][et_pb_row _builder_version=&#8221;4.16&#8243; _module_preset=&#8221;default&#8221; global_colors_info=&#8221;{}&#8221;][et_pb_column type=&#8221;4_4&#8243; _builder_version=&#8221;4.16&#8243; _module_preset=&#8221;default&#8221; global_colors_info=&#8221;{}&#8221;][et_pb_text _builder_version=&#8221;4.27.4&#8243; _module_preset=&#8221;default&#8221; text_text_color=&#8221;#FFFFFF&#8221; text_orientation=&#8221;center&#8221; global_colors_info=&#8221;{}&#8221;]<\/p>\n<p>\u00a9 FIMEA, 2019-2025 \u2013 Tous droits r\u00e9serv\u00e9s<\/p>\n<p>[\/et_pb_text][\/et_pb_column][\/et_pb_row][\/et_pb_section]<\/p>\n<span class=\"et_bloom_bottom_trigger\"><\/span>","protected":false},"excerpt":{"rendered":"<p>Find out about the current situation and major trends, as well as the HR challenges and opportunities for 2022 and beyond.<\/p>\n","protected":false},"author":4,"featured_media":0,"parent":0,"menu_order":0,"comment_status":"closed","ping_status":"closed","template":"page-template-blank.php","meta":{"_et_pb_use_builder":"on","_et_pb_old_content":"","_et_gb_content_width":"","footnotes":""},"class_list":["post-5675308","page","type-page","status-publish","hentry"],"yoast_head":"<!-- This site is optimized with the Yoast SEO plugin v27.3 - https:\/\/yoast.com\/product\/yoast-seo-wordpress\/ -->\n<title>Download the FIMEA Indoor Air Purifier Barometer 2024 - FIMEA<\/title>\n<meta name=\"description\" content=\"Find out about the current situation and major trends, as well as the HR challenges and opportunities for 2022 and beyond.\" \/>\n<meta name=\"robots\" content=\"index, follow, max-snippet:-1, max-image-preview:large, max-video-preview:-1\" \/>\n<link rel=\"canonical\" href=\"https:\/\/www.fimea.fr\/telechargez-le-rapport-fimea-2025-impact-des-epurateurs-dair-sur-les-particules-en-conditions-reelles-dutilisation\" \/>\n<meta property=\"og:locale\" content=\"en_US\" \/>\n<meta property=\"og:type\" content=\"article\" \/>\n<meta property=\"og:title\" content=\"Download the FIMEA Indoor Air Purifier Barometer 2024 - FIMEA\" \/>\n<meta property=\"og:description\" content=\"Find out about the current situation and major trends, as well as the HR challenges and opportunities for 2022 and beyond.\" \/>\n<meta property=\"og:url\" content=\"https:\/\/www.fimea.fr\/telechargez-le-rapport-fimea-2025-impact-des-epurateurs-dair-sur-les-particules-en-conditions-reelles-dutilisation\" \/>\n<meta property=\"og:site_name\" content=\"FIMEA\" \/>\n<meta property=\"og:image\" content=\"https:\/\/www.fimea.fr\/wp-content\/uploads\/2019\/05\/windrader-1048981.jpg\" \/>\n\t<meta property=\"og:image:width\" content=\"3000\" \/>\n\t<meta property=\"og:image:height\" content=\"1897\" \/>\n\t<meta property=\"og:image:type\" content=\"image\/jpeg\" \/>\n<meta name=\"twitter:card\" content=\"summary_large_image\" \/>\n<meta name=\"twitter:site\" content=\"@Fimea_fr\" \/>\n<meta name=\"twitter:label1\" content=\"Est. reading time\" \/>\n\t<meta name=\"twitter:data1\" content=\"3 minutes\" \/>\n<script type=\"application\/ld+json\" class=\"yoast-schema-graph\">{\"@context\":\"https:\\\/\\\/schema.org\",\"@graph\":[{\"@type\":\"WebPage\",\"@id\":\"https:\\\/\\\/www.fimea.fr\\\/telechargez-le-rapport-fimea-2025-impact-des-epurateurs-dair-sur-les-particules-en-conditions-reelles-dutilisation\",\"url\":\"https:\\\/\\\/www.fimea.fr\\\/telechargez-le-rapport-fimea-2025-impact-des-epurateurs-dair-sur-les-particules-en-conditions-reelles-dutilisation\",\"name\":\"Download the FIMEA Indoor Air Purifier Barometer 2024 - FIMEA\",\"isPartOf\":{\"@id\":\"https:\\\/\\\/www.fimea.fr\\\/#website\"},\"datePublished\":\"2026-02-27T10:17:36+00:00\",\"description\":\"Find out about the current situation and major trends, as well as the HR challenges and opportunities for 2022 and beyond.\",\"breadcrumb\":{\"@id\":\"https:\\\/\\\/www.fimea.fr\\\/telechargez-le-rapport-fimea-2025-impact-des-epurateurs-dair-sur-les-particules-en-conditions-reelles-dutilisation#breadcrumb\"},\"inLanguage\":\"en-US\",\"potentialAction\":[{\"@type\":\"ReadAction\",\"target\":[\"https:\\\/\\\/www.fimea.fr\\\/telechargez-le-rapport-fimea-2025-impact-des-epurateurs-dair-sur-les-particules-en-conditions-reelles-dutilisation\"]}]},{\"@type\":\"BreadcrumbList\",\"@id\":\"https:\\\/\\\/www.fimea.fr\\\/telechargez-le-rapport-fimea-2025-impact-des-epurateurs-dair-sur-les-particules-en-conditions-reelles-dutilisation#breadcrumb\",\"itemListElement\":[{\"@type\":\"ListItem\",\"position\":1,\"name\":\"Accueil\",\"item\":\"https:\\\/\\\/www.fimea.fr\\\/en\"},{\"@type\":\"ListItem\",\"position\":2,\"name\":\"Download the FIMEA Indoor Air Purifier Barometer 2024\"}]},{\"@type\":\"WebSite\",\"@id\":\"https:\\\/\\\/www.fimea.fr\\\/#website\",\"url\":\"https:\\\/\\\/www.fimea.fr\\\/\",\"name\":\"FIMEA\",\"description\":\"Serving the air-quality sector.\",\"publisher\":{\"@id\":\"https:\\\/\\\/www.fimea.fr\\\/#organization\"},\"potentialAction\":[{\"@type\":\"SearchAction\",\"target\":{\"@type\":\"EntryPoint\",\"urlTemplate\":\"https:\\\/\\\/www.fimea.fr\\\/?s={search_term_string}\"},\"query-input\":{\"@type\":\"PropertyValueSpecification\",\"valueRequired\":true,\"valueName\":\"search_term_string\"}}],\"inLanguage\":\"en-US\"},{\"@type\":\"Organization\",\"@id\":\"https:\\\/\\\/www.fimea.fr\\\/#organization\",\"name\":\"FIMEA\",\"url\":\"https:\\\/\\\/www.fimea.fr\\\/\",\"logo\":{\"@type\":\"ImageObject\",\"inLanguage\":\"en-US\",\"@id\":\"https:\\\/\\\/www.fimea.fr\\\/#\\\/schema\\\/logo\\\/image\\\/\",\"url\":\"https:\\\/\\\/www.fimea.fr\\\/wp-content\\\/uploads\\\/2022\\\/06\\\/logo-fimea.jpg\",\"contentUrl\":\"https:\\\/\\\/www.fimea.fr\\\/wp-content\\\/uploads\\\/2022\\\/06\\\/logo-fimea.jpg\",\"width\":857,\"height\":702,\"caption\":\"FIMEA\"},\"image\":{\"@id\":\"https:\\\/\\\/www.fimea.fr\\\/#\\\/schema\\\/logo\\\/image\\\/\"},\"sameAs\":[\"https:\\\/\\\/x.com\\\/Fimea_fr\",\"https:\\\/\\\/www.linkedin.com\\\/company\\\/fimea-air\\\/\"]}]}<\/script>\n<!-- \/ Yoast SEO plugin. -->","yoast_head_json":{"title":"Download the FIMEA Indoor Air Purifier Barometer 2024 - FIMEA","description":"Find out about the current situation and major trends, as well as the HR challenges and opportunities for 2022 and beyond.","robots":{"index":"index","follow":"follow","max-snippet":"max-snippet:-1","max-image-preview":"max-image-preview:large","max-video-preview":"max-video-preview:-1"},"canonical":"https:\/\/www.fimea.fr\/telechargez-le-rapport-fimea-2025-impact-des-epurateurs-dair-sur-les-particules-en-conditions-reelles-dutilisation","og_locale":"en_US","og_type":"article","og_title":"Download the FIMEA Indoor Air Purifier Barometer 2024 - FIMEA","og_description":"Find out about the current situation and major trends, as well as the HR challenges and opportunities for 2022 and beyond.","og_url":"https:\/\/www.fimea.fr\/telechargez-le-rapport-fimea-2025-impact-des-epurateurs-dair-sur-les-particules-en-conditions-reelles-dutilisation","og_site_name":"FIMEA","og_image":[{"width":3000,"height":1897,"url":"https:\/\/www.fimea.fr\/wp-content\/uploads\/2019\/05\/windrader-1048981.jpg","type":"image\/jpeg"}],"twitter_card":"summary_large_image","twitter_site":"@Fimea_fr","twitter_misc":{"Est. reading time":"3 minutes"},"schema":{"@context":"https:\/\/schema.org","@graph":[{"@type":"WebPage","@id":"https:\/\/www.fimea.fr\/telechargez-le-rapport-fimea-2025-impact-des-epurateurs-dair-sur-les-particules-en-conditions-reelles-dutilisation","url":"https:\/\/www.fimea.fr\/telechargez-le-rapport-fimea-2025-impact-des-epurateurs-dair-sur-les-particules-en-conditions-reelles-dutilisation","name":"Download the FIMEA Indoor Air Purifier Barometer 2024 - FIMEA","isPartOf":{"@id":"https:\/\/www.fimea.fr\/#website"},"datePublished":"2026-02-27T10:17:36+00:00","description":"Find out about the current situation and major trends, as well as the HR challenges and opportunities for 2022 and beyond.","breadcrumb":{"@id":"https:\/\/www.fimea.fr\/telechargez-le-rapport-fimea-2025-impact-des-epurateurs-dair-sur-les-particules-en-conditions-reelles-dutilisation#breadcrumb"},"inLanguage":"en-US","potentialAction":[{"@type":"ReadAction","target":["https:\/\/www.fimea.fr\/telechargez-le-rapport-fimea-2025-impact-des-epurateurs-dair-sur-les-particules-en-conditions-reelles-dutilisation"]}]},{"@type":"BreadcrumbList","@id":"https:\/\/www.fimea.fr\/telechargez-le-rapport-fimea-2025-impact-des-epurateurs-dair-sur-les-particules-en-conditions-reelles-dutilisation#breadcrumb","itemListElement":[{"@type":"ListItem","position":1,"name":"Accueil","item":"https:\/\/www.fimea.fr\/en"},{"@type":"ListItem","position":2,"name":"Download the FIMEA Indoor Air Purifier Barometer 2024"}]},{"@type":"WebSite","@id":"https:\/\/www.fimea.fr\/#website","url":"https:\/\/www.fimea.fr\/","name":"FIMEA","description":"Serving the air-quality sector.","publisher":{"@id":"https:\/\/www.fimea.fr\/#organization"},"potentialAction":[{"@type":"SearchAction","target":{"@type":"EntryPoint","urlTemplate":"https:\/\/www.fimea.fr\/?s={search_term_string}"},"query-input":{"@type":"PropertyValueSpecification","valueRequired":true,"valueName":"search_term_string"}}],"inLanguage":"en-US"},{"@type":"Organization","@id":"https:\/\/www.fimea.fr\/#organization","name":"FIMEA","url":"https:\/\/www.fimea.fr\/","logo":{"@type":"ImageObject","inLanguage":"en-US","@id":"https:\/\/www.fimea.fr\/#\/schema\/logo\/image\/","url":"https:\/\/www.fimea.fr\/wp-content\/uploads\/2022\/06\/logo-fimea.jpg","contentUrl":"https:\/\/www.fimea.fr\/wp-content\/uploads\/2022\/06\/logo-fimea.jpg","width":857,"height":702,"caption":"FIMEA"},"image":{"@id":"https:\/\/www.fimea.fr\/#\/schema\/logo\/image\/"},"sameAs":["https:\/\/x.com\/Fimea_fr","https:\/\/www.linkedin.com\/company\/fimea-air\/"]}]}},"_links":{"self":[{"href":"https:\/\/www.fimea.fr\/en\/wp-json\/wp\/v2\/pages\/5675308","targetHints":{"allow":["GET"]}}],"collection":[{"href":"https:\/\/www.fimea.fr\/en\/wp-json\/wp\/v2\/pages"}],"about":[{"href":"https:\/\/www.fimea.fr\/en\/wp-json\/wp\/v2\/types\/page"}],"author":[{"embeddable":true,"href":"https:\/\/www.fimea.fr\/en\/wp-json\/wp\/v2\/users\/4"}],"replies":[{"embeddable":true,"href":"https:\/\/www.fimea.fr\/en\/wp-json\/wp\/v2\/comments?post=5675308"}],"version-history":[{"count":2,"href":"https:\/\/www.fimea.fr\/en\/wp-json\/wp\/v2\/pages\/5675308\/revisions"}],"predecessor-version":[{"id":5675310,"href":"https:\/\/www.fimea.fr\/en\/wp-json\/wp\/v2\/pages\/5675308\/revisions\/5675310"}],"wp:attachment":[{"href":"https:\/\/www.fimea.fr\/en\/wp-json\/wp\/v2\/media?parent=5675308"}],"curies":[{"name":"wp","href":"https:\/\/api.w.org\/{rel}","templated":true}]}}